{"id":2195,"date":"2022-04-26T17:14:16","date_gmt":"2022-04-26T15:14:16","guid":{"rendered":"https:\/\/industrial-arts.de\/?page_id=2195"},"modified":"2024-08-23T14:30:48","modified_gmt":"2024-08-23T12:30:48","slug":"impressum","status":"publish","type":"page","link":"https:\/\/industrial-arts.de\/en\/impressum\/","title":{"rendered":"Imprint"},"content":{"rendered":"<div data-elementor-type=\"wp-page\" data-elementor-id=\"2195\" class=\"elementor elementor-2195\" data-elementor-post-type=\"page\">\n\t\t\t\t\t\t<section class=\"elementor-section elementor-top-section elementor-element elementor-element-b0ef043 elementor-section-boxed elementor-section-height-default elementor-section-height-default\" data-id=\"b0ef043\" data-element_type=\"section\" data-e-type=\"section\">\n\t\t\t\t\t\t<div class=\"elementor-container elementor-column-gap-default\">\n\t\t\t\t\t<div class=\"elementor-column elementor-col-100 elementor-top-column elementor-element elementor-element-43700e2\" data-id=\"43700e2\" data-element_type=\"column\" data-e-type=\"column\">\n\t\t\t<div class=\"elementor-widget-wrap elementor-element-populated\">\n\t\t\t\t\t\t<div class=\"elementor-element elementor-element-5125269 elementor-widget elementor-widget-heading\" data-id=\"5125269\" data-element_type=\"widget\" data-e-type=\"widget\" data-widget_type=\"heading.default\">\n\t\t\t\t<div class=\"elementor-widget-container\">\n\t\t\t\t\t<h2 class=\"elementor-heading-title elementor-size-default\">Imprint<\/h2>\t\t\t\t<\/div>\n\t\t\t\t<\/div>\n\t\t\t\t<div class=\"elementor-element elementor-element-73b7422 elementor-widget__width-initial elementor-widget elementor-widget-text-editor\" data-id=\"73b7422\" data-element_type=\"widget\" data-e-type=\"widget\" data-widget_type=\"text-editor.default\">\n\t\t\t\t<div class=\"elementor-widget-container\">\n\t\t\t\t\t\t\t\t\t<p><strong>Angaben gem\u00e4\u00df \u00a7 5 DDG:<\/strong><br>Industrial Arts GmbH<br>Biedenkamp 13b<br><span style=\"color: var( --e-global-color-text ); letter-spacing: 0px; background-color: var( --e-global-color-c696dce );\">21509 Glinde<\/span><\/p>\n<p><strong>Represented by:<\/strong><br>Selim Dogac, Ingo Jakobs<\/p>\n<p><strong>Contact:<\/strong><br>Telefon: +49 40 \/ 22 65 950 &#8211; 0<br>E-Mail: info@industrial-arts.de<\/p>\n<p><span style=\"font-weight: bolder;\">Handelsregister:<br><\/span><span style=\"color: var( --e-global-color-text ); letter-spacing: 0px; background-color: var( --e-global-color-c696dce );\">HRB 21066 HL, Amtsgericht L\u00fcbeck<\/span><\/p>\n<p><span style=\"font-weight: bolder;\">Umsatzsteuer-ID:<br><\/span>DE 316940776<br><\/p>\n<p><br><\/p>\n<p><\/p>\n<p><strong>Disclaimer:<\/strong><\/p>\n<p><strong>Liability for contents<\/strong><br>Als Diensteanbieter sind wir gem\u00e4\u00df \u00a7 7 Abs.1 DDG f\u00fcr eigene Inhalte auf diesen Seiten nach den allgemeinen Gesetzen verantwortlich. Nach \u00a7\u00a7 8 bis 10 DDG sind wir als Diensteanbieter jedoch nicht verpflichtet, \u00fcbermittelte oder gespeicherte fremde Informationen zu \u00fcberwachen oder nach Umst\u00e4nden zu forschen, die auf eine rechtswidrige T\u00e4tigkeit hinweisen. Verpflichtungen zur Entfernung oder Sperrung der Nutzung von Informationen nach den allgemeinen Gesetzen bleiben hiervon unber\u00fchrt. Eine diesbez\u00fcgliche Haftung ist jedoch erst ab dem Zeitpunkt der Kenntnis einer konkreten Rechtsverletzung m\u00f6glich. Bei Bekanntwerden von entsprechenden Rechtsverletzungen werden wir diese Inhalte umgehend entfernen.<\/p>\n<p><strong>Liability for links<\/strong><br>Our offer contains links to external websites of third parties, on whose contents we have no influence. Therefore, we cannot assume any liability for these external contents. The respective provider or operator of the pages is always responsible for the content of the linked pages. The linked pages were checked for possible legal violations at the time of linking. Illegal contents were not recognizable at the time of linking. However, a permanent control of the contents of the linked pages is not reasonable without concrete evidence of a violation of the law. If we become aware of any infringements, we will remove such links immediately.<\/p>\n<p><strong>Copyright<\/strong><br>The content and works created by the site operators on these pages are subject to German copyright law. The reproduction, editing, distribution and any kind of exploitation outside the limits of copyright require the written consent of the respective author or creator. Downloads and copies of this site are only permitted for private, non-commercial use. Insofar as the content on this site was not created by the operator, the copyrights of third parties are respected. In particular, third-party content is identified as such. Should you nevertheless become aware of a copyright infringement, please inform us accordingly. If we become aware of any infringements, we will remove such content immediately.<\/p>\t\t\t\t\t\t\t\t<\/div>\n\t\t\t\t<\/div>\n\t\t\t\t\t<\/div>\n\t\t<\/div>\n\t\t\t\t\t<\/div>\n\t\t<\/section>\n\t\t\t\t<\/div>","protected":false},"excerpt":{"rendered":"<p>Impressum Angaben gem\u00e4\u00df \u00a7 5 DDG:Industrial Arts GmbHBiedenkamp 13b21509 Glinde Vertreten durch:Selim Dogac, Ingo Jakobs Kontakt:Telefon: +49 40 \/ 22 65 950 &#8211; 0E-Mail: info@industrial-arts.de Handelsregister:HRB 21066 HL, Amtsgericht L\u00fcbeck Umsatzsteuer-ID:DE 316940776 Haftungsausschluss (Disclaimer): Haftung f\u00fcr InhalteAls Diensteanbieter sind wir gem\u00e4\u00df \u00a7 7 Abs.1 DDG f\u00fcr eigene Inhalte auf diesen Seiten nach den allgemeinen Gesetzen [&hellip;]<\/p>\n","protected":false},"author":1,"featured_media":0,"parent":0,"menu_order":0,"comment_status":"closed","ping_status":"closed","template":"","meta":{"_acf_changed":false,"pgc_sgb_lightbox_settings":"","footnotes":""},"class_list":["post-2195","page","type-page","status-publish","hentry"],"acf":[],"yoast_head":"<!-- This site is optimized with the Yoast SEO plugin v27.5 - https:\/\/yoast.com\/product\/yoast-seo-wordpress\/ -->\n<title>Impressum - Industrial Arts<\/title>\n<meta name=\"robots\" content=\"index, follow, max-snippet:-1, max-image-preview:large, max-video-preview:-1\" \/>\n<link rel=\"canonical\" href=\"https:\/\/industrial-arts.de\/en\/impressum\/\" \/>\n<meta property=\"og:locale\" content=\"en_US\" \/>\n<meta property=\"og:type\" content=\"article\" \/>\n<meta property=\"og:title\" content=\"Impressum - Industrial Arts\" \/>\n<meta property=\"og:description\" content=\"Impressum Angaben gem\u00e4\u00df \u00a7 5 DDG:Industrial Arts GmbHBiedenkamp 13b21509 Glinde Vertreten durch:Selim Dogac, Ingo Jakobs Kontakt:Telefon: +49 40 \/ 22 65 950 &#8211; 0E-Mail: info@industrial-arts.de Handelsregister:HRB 21066 HL, Amtsgericht L\u00fcbeck Umsatzsteuer-ID:DE 316940776 Haftungsausschluss (Disclaimer): Haftung f\u00fcr InhalteAls Diensteanbieter sind wir gem\u00e4\u00df \u00a7 7 Abs.1 DDG f\u00fcr eigene Inhalte auf diesen Seiten nach den allgemeinen Gesetzen [&hellip;]\" \/>\n<meta property=\"og:url\" content=\"https:\/\/industrial-arts.de\/en\/impressum\/\" \/>\n<meta property=\"og:site_name\" content=\"Industrial Arts\" \/>\n<meta property=\"article:publisher\" content=\"https:\/\/www.facebook.com\/industrialartsgmbh\/\" \/>\n<meta property=\"article:modified_time\" content=\"2024-08-23T12:30:48+00:00\" \/>\n<meta name=\"twitter:card\" content=\"summary_large_image\" \/>\n<meta name=\"twitter:label1\" content=\"Est. reading time\" \/>\n\t<meta name=\"twitter:data1\" content=\"2 minutes\" \/>\n<script type=\"application\/ld+json\" class=\"yoast-schema-graph\">{\"@context\":\"https:\\\/\\\/schema.org\",\"@graph\":[{\"@type\":\"WebPage\",\"@id\":\"https:\\\/\\\/industrial-arts.de\\\/impressum\\\/\",\"url\":\"https:\\\/\\\/industrial-arts.de\\\/impressum\\\/\",\"name\":\"Impressum - Industrial Arts\",\"isPartOf\":{\"@id\":\"https:\\\/\\\/industrial-arts.de\\\/#website\"},\"datePublished\":\"2022-04-26T15:14:16+00:00\",\"dateModified\":\"2024-08-23T12:30:48+00:00\",\"breadcrumb\":{\"@id\":\"https:\\\/\\\/industrial-arts.de\\\/impressum\\\/#breadcrumb\"},\"inLanguage\":\"en-US\",\"potentialAction\":[{\"@type\":\"ReadAction\",\"target\":[\"https:\\\/\\\/industrial-arts.de\\\/impressum\\\/\"]}]},{\"@type\":\"BreadcrumbList\",\"@id\":\"https:\\\/\\\/industrial-arts.de\\\/impressum\\\/#breadcrumb\",\"itemListElement\":[{\"@type\":\"ListItem\",\"position\":1,\"name\":\"Startseite\",\"item\":\"https:\\\/\\\/industrial-arts.de\\\/\"},{\"@type\":\"ListItem\",\"position\":2,\"name\":\"Impressum\"}]},{\"@type\":\"WebSite\",\"@id\":\"https:\\\/\\\/industrial-arts.de\\\/#website\",\"url\":\"https:\\\/\\\/industrial-arts.de\\\/\",\"name\":\"Industrial Arts - Systemhaus f\u00fcr Medientechnik\",\"description\":\"Systemhaus f\u00fcr Medientechnik\",\"publisher\":{\"@id\":\"https:\\\/\\\/industrial-arts.de\\\/#organization\"},\"potentialAction\":[{\"@type\":\"SearchAction\",\"target\":{\"@type\":\"EntryPoint\",\"urlTemplate\":\"https:\\\/\\\/industrial-arts.de\\\/?s={search_term_string}\"},\"query-input\":{\"@type\":\"PropertyValueSpecification\",\"valueRequired\":true,\"valueName\":\"search_term_string\"}}],\"inLanguage\":\"en-US\"},{\"@type\":\"Organization\",\"@id\":\"https:\\\/\\\/industrial-arts.de\\\/#organization\",\"name\":\"Industrial Arts GmbH\",\"url\":\"https:\\\/\\\/industrial-arts.de\\\/\",\"logo\":{\"@type\":\"ImageObject\",\"inLanguage\":\"en-US\",\"@id\":\"https:\\\/\\\/industrial-arts.de\\\/#\\\/schema\\\/logo\\\/image\\\/\",\"url\":\"https:\\\/\\\/industrial-arts.de\\\/wp-content\\\/uploads\\\/2024\\\/08\\\/Logo_industrial-arts_RGB_500px.png\",\"contentUrl\":\"https:\\\/\\\/industrial-arts.de\\\/wp-content\\\/uploads\\\/2024\\\/08\\\/Logo_industrial-arts_RGB_500px.png\",\"width\":500,\"height\":116,\"caption\":\"Industrial Arts GmbH\"},\"image\":{\"@id\":\"https:\\\/\\\/industrial-arts.de\\\/#\\\/schema\\\/logo\\\/image\\\/\"},\"sameAs\":[\"https:\\\/\\\/www.facebook.com\\\/industrialartsgmbh\\\/\",\"https:\\\/\\\/www.instagram.com\\\/industrial_arts_gmbh\\\/\",\"https:\\\/\\\/www.linkedin.com\\\/company\\\/industrial-arts-gmbh\\\/\"]}]}<\/script>\n<!-- \/ Yoast SEO plugin. -->","yoast_head_json":{"title":"Impressum - Industrial Arts","robots":{"index":"index","follow":"follow","max-snippet":"max-snippet:-1","max-image-preview":"max-image-preview:large","max-video-preview":"max-video-preview:-1"},"canonical":"https:\/\/industrial-arts.de\/en\/impressum\/","og_locale":"en_US","og_type":"article","og_title":"Impressum - Industrial Arts","og_description":"Impressum Angaben gem\u00e4\u00df \u00a7 5 DDG:Industrial Arts GmbHBiedenkamp 13b21509 Glinde Vertreten durch:Selim Dogac, Ingo Jakobs Kontakt:Telefon: +49 40 \/ 22 65 950 &#8211; 0E-Mail: info@industrial-arts.de Handelsregister:HRB 21066 HL, Amtsgericht L\u00fcbeck Umsatzsteuer-ID:DE 316940776 Haftungsausschluss (Disclaimer): Haftung f\u00fcr InhalteAls Diensteanbieter sind wir gem\u00e4\u00df \u00a7 7 Abs.1 DDG f\u00fcr eigene Inhalte auf diesen Seiten nach den allgemeinen Gesetzen [&hellip;]","og_url":"https:\/\/industrial-arts.de\/en\/impressum\/","og_site_name":"Industrial Arts","article_publisher":"https:\/\/www.facebook.com\/industrialartsgmbh\/","article_modified_time":"2024-08-23T12:30:48+00:00","twitter_card":"summary_large_image","twitter_misc":{"Est. reading time":"2 minutes"},"schema":{"@context":"https:\/\/schema.org","@graph":[{"@type":"WebPage","@id":"https:\/\/industrial-arts.de\/impressum\/","url":"https:\/\/industrial-arts.de\/impressum\/","name":"Impressum - Industrial Arts","isPartOf":{"@id":"https:\/\/industrial-arts.de\/#website"},"datePublished":"2022-04-26T15:14:16+00:00","dateModified":"2024-08-23T12:30:48+00:00","breadcrumb":{"@id":"https:\/\/industrial-arts.de\/impressum\/#breadcrumb"},"inLanguage":"en-US","potentialAction":[{"@type":"ReadAction","target":["https:\/\/industrial-arts.de\/impressum\/"]}]},{"@type":"BreadcrumbList","@id":"https:\/\/industrial-arts.de\/impressum\/#breadcrumb","itemListElement":[{"@type":"ListItem","position":1,"name":"Startseite","item":"https:\/\/industrial-arts.de\/"},{"@type":"ListItem","position":2,"name":"Impressum"}]},{"@type":"WebSite","@id":"https:\/\/industrial-arts.de\/#website","url":"https:\/\/industrial-arts.de\/","name":"Industrial Arts - Systemhaus f\u00fcr Medientechnik","description":"Systemhaus f\u00fcr Medientechnik","publisher":{"@id":"https:\/\/industrial-arts.de\/#organization"},"potentialAction":[{"@type":"SearchAction","target":{"@type":"EntryPoint","urlTemplate":"https:\/\/industrial-arts.de\/?s={search_term_string}"},"query-input":{"@type":"PropertyValueSpecification","valueRequired":true,"valueName":"search_term_string"}}],"inLanguage":"en-US"},{"@type":"Organization","@id":"https:\/\/industrial-arts.de\/#organization","name":"Industrial Arts GmbH","url":"https:\/\/industrial-arts.de\/","logo":{"@type":"ImageObject","inLanguage":"en-US","@id":"https:\/\/industrial-arts.de\/#\/schema\/logo\/image\/","url":"https:\/\/industrial-arts.de\/wp-content\/uploads\/2024\/08\/Logo_industrial-arts_RGB_500px.png","contentUrl":"https:\/\/industrial-arts.de\/wp-content\/uploads\/2024\/08\/Logo_industrial-arts_RGB_500px.png","width":500,"height":116,"caption":"Industrial Arts GmbH"},"image":{"@id":"https:\/\/industrial-arts.de\/#\/schema\/logo\/image\/"},"sameAs":["https:\/\/www.facebook.com\/industrialartsgmbh\/","https:\/\/www.instagram.com\/industrial_arts_gmbh\/","https:\/\/www.linkedin.com\/company\/industrial-arts-gmbh\/"]}]}},"_links":{"self":[{"href":"https:\/\/industrial-arts.de\/en\/wp-json\/wp\/v2\/pages\/2195","targetHints":{"allow":["GET"]}}],"collection":[{"href":"https:\/\/industrial-arts.de\/en\/wp-json\/wp\/v2\/pages"}],"about":[{"href":"https:\/\/industrial-arts.de\/en\/wp-json\/wp\/v2\/types\/page"}],"author":[{"embeddable":true,"href":"https:\/\/industrial-arts.de\/en\/wp-json\/wp\/v2\/users\/1"}],"replies":[{"embeddable":true,"href":"https:\/\/industrial-arts.de\/en\/wp-json\/wp\/v2\/comments?post=2195"}],"version-history":[{"count":16,"href":"https:\/\/industrial-arts.de\/en\/wp-json\/wp\/v2\/pages\/2195\/revisions"}],"predecessor-version":[{"id":2698,"href":"https:\/\/industrial-arts.de\/en\/wp-json\/wp\/v2\/pages\/2195\/revisions\/2698"}],"wp:attachment":[{"href":"https:\/\/industrial-arts.de\/en\/wp-json\/wp\/v2\/media?parent=2195"}],"curies":[{"name":"wp","href":"https:\/\/api.w.org\/{rel}","templated":true}]}}